{"id":130,"date":"2023-04-08T08:54:14","date_gmt":"2023-04-08T07:54:14","guid":{"rendered":"https:\/\/import.themovation.com\/bellevue2\/chalet2\/?page_id=9"},"modified":"2024-04-26T12:36:26","modified_gmt":"2024-04-26T10:36:26","slug":"aviso-legal","status":"publish","type":"page","link":"https:\/\/algarcarnota.com\/en\/aviso-legal\/","title":{"rendered":"Legal Notice"},"content":{"rendered":"<div data-elementor-type=\"wp-page\" data-elementor-id=\"130\" class=\"elementor elementor-130\">\n\t\t\t\t\t\t<div class=\"elementor-inner\">\n\t\t\t\t<div class=\"elementor-section-wrap\">\n\t\t\t\t\t\t\t\t\t<header class=\"elementor-section elementor-top-section elementor-element elementor-element-59f556a8 elementor-section-height-min-height elementor-section-boxed elementor-section-height-default elementor-section-items-middle\" data-id=\"59f556a8\" data-element_type=\"section\" data-settings=\"{&quot;background_background&quot;:&quot;classic&quot;}\">\n\t\t\t\t\t\t\t<div class=\"elementor-background-overlay\"><\/div>\n\t\t\t\t\t\t\t<div class=\"elementor-container elementor-column-gap-default\">\n\t\t\t\t\t\t\t<div class=\"elementor-row\">\n\t\t\t\t\t<div class=\"elementor-column elementor-col-100 elementor-top-column elementor-element elementor-element-1aaefcda\" data-id=\"1aaefcda\" data-element_type=\"column\">\n\t\t\t<div class=\"elementor-column-wrap elementor-element-populated\">\n\t\t\t\t\t\t\t<div class=\"elementor-widget-wrap\">\n\t\t\t\t\t\t<div class=\"elementor-element elementor-element-d5ee51a elementor-widget elementor-widget-spacer\" data-id=\"d5ee51a\" data-element_type=\"widget\" data-widget_type=\"spacer.default\">\n\t\t\t\t<div class=\"elementor-widget-container\">\n\t\t\t<style>\/*! elementor - v3.16.0 - 14-09-2023 *\/\n.elementor-column .elementor-spacer-inner{height:var(--spacer-size)}.e-con{--container-widget-width:100%}.e-con-inner>.elementor-widget-spacer,.e-con>.elementor-widget-spacer{width:var(--container-widget-width,var(--spacer-size));--align-self:var(--container-widget-align-self,initial);--flex-shrink:0}.e-con-inner>.elementor-widget-spacer>.elementor-widget-container,.e-con>.elementor-widget-spacer>.elementor-widget-container{height:100%;width:100%}.e-con-inner>.elementor-widget-spacer>.elementor-widget-container>.elementor-spacer,.e-con>.elementor-widget-spacer>.elementor-widget-container>.elementor-spacer{height:100%}.e-con-inner>.elementor-widget-spacer>.elementor-widget-container>.elementor-spacer>.elementor-spacer-inner,.e-con>.elementor-widget-spacer>.elementor-widget-container>.elementor-spacer>.elementor-spacer-inner{height:var(--container-widget-height,var(--spacer-size))}.e-con-inner>.elementor-widget-spacer.elementor-widget-empty,.e-con>.elementor-widget-spacer.elementor-widget-empty{position:relative;min-height:22px;min-width:22px}.e-con-inner>.elementor-widget-spacer.elementor-widget-empty .elementor-widget-empty-icon,.e-con>.elementor-widget-spacer.elementor-widget-empty .elementor-widget-empty-icon{position:absolute;top:0;bottom:0;left:0;right:0;margin:auto;padding:0;width:22px;height:22px}<\/style>\t\t<div class=\"elementor-spacer\">\n\t\t\t<div class=\"elementor-spacer-inner\"><\/div>\n\t\t<\/div>\n\t\t\t\t<\/div>\n\t\t\t\t<\/div>\n\t\t\t\t<div class=\"elementor-element elementor-element-5f14d7b elementor-view-default elementor-position-top elementor-widget elementor-widget-themo-header\" data-id=\"5f14d7b\" data-element_type=\"widget\" data-widget_type=\"themo-header.default\">\n\t\t\t\t<div class=\"elementor-widget-container\">\n\t\t\t\t\t<div class=\"th-header-wrap\">\n        <div class=\"elementor-icon-box-wrapper\">\n                            <div class=\"elementor-icon-box-content\">\n                    <h1 class=\"elementor-icon-box-title\">\n                        Legal Notice                    <\/h1>\n                                        <p class=\"elementor-icon-box-description\">Algar Carnota<\/p>\n\n                                    <\/div>\n            <\/div>\n\n        <\/div>\n\n\t\t\t\t<\/div>\n\t\t\t\t<\/div>\n\t\t\t\t\t\t<\/div>\n\t\t\t\t\t<\/div>\n\t\t<\/div>\n\t\t\t\t\t\t\t\t<\/div>\n\t\t\t\t\t<\/div>\n\t\t<\/header>\n\t\t\t\t<div class=\"elementor-section elementor-top-section elementor-element elementor-element-1b188d6 elementor-section-boxed elementor-section-height-default elementor-section-height-default\" data-id=\"1b188d6\" data-element_type=\"section\">\n\t\t\t\t\t\t<div class=\"elementor-container elementor-column-gap-default\">\n\t\t\t\t\t\t\t<div class=\"elementor-row\">\n\t\t\t\t\t<div class=\"elementor-column elementor-col-100 elementor-top-column elementor-element elementor-element-4b941df\" data-id=\"4b941df\" data-element_type=\"column\">\n\t\t\t<div class=\"elementor-column-wrap elementor-element-populated\">\n\t\t\t\t\t\t\t<div class=\"elementor-widget-wrap\">\n\t\t\t\t\t\t<div class=\"elementor-element elementor-element-df81ff1 elementor-widget elementor-widget-text-editor\" data-id=\"df81ff1\" data-element_type=\"widget\" data-widget_type=\"text-editor.default\">\n\t\t\t\t<div class=\"elementor-widget-container\">\n\t\t\t<style>\/*! elementor - v3.16.0 - 14-09-2023 *\/\n.elementor-widget-text-editor.elementor-drop-cap-view-stacked .elementor-drop-cap{background-color:#69727d;color:#fff}.elementor-widget-text-editor.elementor-drop-cap-view-framed .elementor-drop-cap{color:#69727d;border:3px solid;background-color:transparent}.elementor-widget-text-editor:not(.elementor-drop-cap-view-default) .elementor-drop-cap{margin-top:8px}.elementor-widget-text-editor:not(.elementor-drop-cap-view-default) .elementor-drop-cap-letter{width:1em;height:1em}.elementor-widget-text-editor .elementor-drop-cap{float:left;text-align:center;line-height:1;font-size:50px}.elementor-widget-text-editor .elementor-drop-cap-letter{display:inline-block}<\/style>\t\t\t\t\t<div class=\"elementor-text-editor elementor-clearfix\">\n\t\t\t\t<!-- wp:paragraph --><!-- \/wp:paragraph --><!-- wp:paragraph -->\n<h3>INTRODUCCI\u00d3N<\/h3>\n<p>En este texto legal el usuario de la web podr\u00e1 encontrar la informaci\u00f3n que le permitir\u00e1 identificar a la empresa responsable de la p\u00e1gina, as\u00ed como toda la informaci\u00f3n relativa al sitio web y a las actividades desarrolladas por el responsable del mismo.<\/p>\n<h3>IDENTIFICACI\u00d3N DEL RESPONSABLE DE LA P\u00c1GINA WEB<\/h3>\n<p>De acuerdo con lo indicado en la Ley 34\/2002 de Servicios de la Sociedad de la Informaci\u00f3n y del Comercio Electr\u00f3nico (LSSICE), ponemos la siguiente informaci\u00f3n a disposici\u00f3n del usuario de la web:<\/p>\n<p>Identidad del responsable: Fernandez Siaba, Ismael<br \/>Nombre comercial: ALGAR CARNOTA<br \/>CIF: 44829674Y<br \/>Direcci\u00f3n: Rua Igrexas \u2013 15293 &#8211; Carnota \u2013 A Coru\u00f1a (Espa\u00f1a)<br \/>Correo electr\u00f3nico: info@algarcarnotasuites.com<\/p>\n<h3>DATOS PERSONALES QUE RECOGE LA WEB<\/h3>\n<p>Respecto a la informaci\u00f3n sobre la pol\u00edtica de protecci\u00f3n de datos aplicada por la empresa responsable de la actividad se puede acceder a la Pol\u00edtica de Privacidad en la pesta\u00f1a con este mismo t\u00edtulo situada en el men\u00fa del sitio web.<\/p>\n<h3>COMPROMISOS Y OBLIGACIONES DE LOS USUARIOS<\/h3>\n<p>El usuario de la web queda informado, y acepta, que el simple acceso a la presente p\u00e1gina web no supone en modo alguno el inicio de una relaci\u00f3n comercial con la empresa. De acuerdo con lo indicado el usuario se compromete a utilizar el sitio web y sus servicios y contenidos sin vulnerar la legislaci\u00f3n vigente aplicable, la buena f\u00e9 y el orden p\u00fablico.<br \/>Queda prohibido el uso de la web con fines il\u00edcitos o lesivos, o que de cualquier forma puedan causar perjuicio o impedir el normal funcionamiento del sitio web. Respecto de los contenidos de la web se proh\u00edbe concretamente:<\/p>\n<ul>\n<li>Su reproducci\u00f3n, distribuci\u00f3n o modificaci\u00f3n, total o parcial, a menos que se cuente con la autorizaci\u00f3n de la empresa responsable como leg\u00edtimo titular<\/li>\n<li>Cualquier vulneraci\u00f3n de los derechos del prestador o de la empresa responsable como leg\u00edtimo titular<br \/>Su utilizaci\u00f3n para fines comerciales o publicitarios<\/li>\n<\/ul>\n<p>En la utilizaci\u00f3n de la web www.algarcarnotasuites.com, el usuario se compromete a no llevar a cabo ninguna conducta que pudiera da\u00f1ar la imagen, los intereses y los derechos de la empresa o de terceros, o que pudiera da\u00f1ar, inutilizar o sobrecargar el portal www.algarcarnotasuites.com o que impidiera, de cualquier forma, la normal utilizaci\u00f3n de la web.<\/p>\n<p>El usuario debe ser consciente de que las medidas de seguridad de los sistemas inform\u00e1ticos en Internet no son completamente fiables y que www.algarcarnotasuites.com no puede garantizar la inexistencia de malware u otros elementos en la red que puedan producir alteraciones en los sistemas inform\u00e1ticos (software y hardware) del usuario o en sus documentos electr\u00f3nicos y ficheros contenidos en los mismos, aunque el responsable ha dispuesto los medios necesarios y las medidas de seguridad oportunas para evitar la presencia de estos elementos da\u00f1inos.<\/p>\n<h3>MEDIDAS DE SEGURIDAD<\/h3>\n<p>Los datos personales que pudieran ser comunicados por el usuario de la web a la empresa podr\u00edan ser almacenados en bases de datos automatizadas o no, cuya titularidad corresponde en exclusiva a la empresa titular del sitio, que ha asumido todas las medidas de \u00edndole t\u00e9cnica, organizativa y de seguridad que garantizan la confidencialidad, integridad y calidad de la informaci\u00f3n contenida en las mismas y de acuerdo con lo indicado en la normativa vigente aplicable en materia de protecci\u00f3n de datos.<\/p>\n<p>La comunicaci\u00f3n entre los usuarios y www.algarcarnotasuites.com utiliza un canal seguro, y los datos transmitidos son cifrados gracias a protocolos https. Se garantizan por tanto las mejores condiciones de seguridad para que la confidencialidad de los usuarios est\u00e9 garantizada.<\/p>\n<h3>ENLACES EXTERNOS<\/h3>\n<p>La p\u00e1gina www.algarcarnotasuites.com podr\u00eda proporcionar enlaces a otros sitios, p\u00e1ginas web, redes sociales y contenidos que son propiedad de terceros. El \u00fanico objetivo de estos enlaces a otros sitios o redes sociales es proporcionar una utilidad al usuario con una finalidad exclusivamente informativa, y la posibilidad de acceder a los perfiles profesionales que pudiera tener la empresa titular del sitio en las redes sociales, en el caso de los enlaces a las mismas. La empresa no se responsabiliza en ning\u00fan caso de los resultados que se pudieran derivar para el usuario con motivo del acceso a dichos enlaces. La informaci\u00f3n que se pudiera proporcionar en los enlaces indicados est\u00e1 sujeta a los avisos legales y a las pol\u00edticas de privacidad que se utilicen en dichos sitios web, redes sociales y canales y no est\u00e1 sujeta al aviso legal y a la pol\u00edtica de privacidad de esta web. Por esta raz\u00f3n recomendamos al usuario que para m\u00e1s informaci\u00f3n revise detalladamente los avisos legales y pol\u00edticas de privacidad propias y espec\u00edficas de las redes y sitios web enlazados.<\/p>\n<p>Cualquier enlace de otros sitios con esta p\u00e1gina web requerir\u00e1 de la autorizaci\u00f3n expresa y formal de la empresa titular y propietaria del portal web www.algarcarnotasuites.com<\/p>\n<h3>PLATAFORMA PARA LA RESOLUCI\u00d3N DE CONFLICTOS<\/h3>\n<p>El responsable del sitio web pone a disposici\u00f3n de los usuarios la informaci\u00f3n sobre la plataforma de resoluci\u00f3n de litigios que facilita la Comisi\u00f3n Europea y que est\u00e1 disponible en: https:\/\/ec.europa.eu\/consumers\/odr\/<\/p>\n<h3>EXCLUSI\u00d3N DE GARANT\u00cdAS Y RESPONSABILIDAD<\/h3>\n<p>La empresa no otorga ninguna garant\u00eda ni se hace responsable, en ning\u00fan caso, de los da\u00f1os y perjuicios de cualquier naturaleza que pudieran venir causados por:<\/p>\n<ul>\n<li>La falta de disponibilidad, mantenimiento y efectivo funcionamiento de la p\u00e1gina web, o de sus servicios y contenidos<br \/>La existencia de malware, programas maliciosos o lesivos de los contenidos.<\/li>\n<li>El uso il\u00edcito, negligente, fraudulento o contrario a este Aviso Legal<\/li>\n<li>La falta de licitud, calidad, fiabilidad, utilidad y disponibilidad de los servicios prestados por terceros y puestos a disposici\u00f3n de los usuarios en el sitio web.<\/li>\n<li>El titular del sitio web no se hace responsable bajo ning\u00fan concepto de los da\u00f1os que pudieran dimanar del uso ilegal o indebido de la presente p\u00e1gina web<\/li>\n<\/ul>\n<h3>LEY APLICABLE Y JURISDICCI\u00d3N<\/h3>\n<p>Las relaciones entre la empresa titular del sitio y los usuarios de sus servicios telem\u00e1ticos presentes en esta web se encuentran sometidas con car\u00e1cter general a la legislaci\u00f3n y jurisdicci\u00f3n espa\u00f1olas y a los tribunales de la provincia de A Coru\u00f1a. Para cualquier duda sobre las presentes condiciones legales los usuarios pueden contactar en el correo electr\u00f3nico info@algarcarnotasuites.com<\/p>\n<!-- \/wp:paragraph -->\t\t\t\t\t<\/div>\n\t\t\t\t\t\t<\/div>\n\t\t\t\t<\/div>\n\t\t\t\t\t\t<\/div>\n\t\t\t\t\t<\/div>\n\t\t<\/div>\n\t\t\t\t\t\t\t\t<\/div>\n\t\t\t\t\t<\/div>\n\t\t<\/div>\n\t\t\t\t\t\t\t\t\t<\/div>\n\t\t\t<\/div>\n\t\t\t\t\t<\/div>","protected":false},"excerpt":{"rendered":"<p>Aviso Legal Algar Carnota INTRODUCCI\u00d3N En este texto legal el usuario de la web podr\u00e1 encontrar la informaci\u00f3n que le permitir\u00e1 identificar a la empresa responsable de la p\u00e1gina, as\u00ed como toda la informaci\u00f3n relativa al sitio web y a &hellip; <a href=\"https:\/\/algarcarnota.com\/en\/aviso-legal\/\">Read More<\/a><\/p>","protected":false},"author":1,"featured_media":0,"parent":0,"menu_order":4,"comment_status":"closed","ping_status":"closed","template":"","meta":{"footnotes":""},"class_list":["post-130","page","type-page","status-publish","hentry"],"yoast_head":"<!-- This site is optimized with the Yoast SEO plugin v26.3 - https:\/\/yoast.com\/wordpress\/plugins\/seo\/ -->\n<title>Aviso Legal | Algar Carnota<\/title>\n<meta name=\"robots\" content=\"noindex, follow\" \/>\n<meta property=\"og:locale\" content=\"en_GB\" \/>\n<meta property=\"og:type\" content=\"article\" \/>\n<meta property=\"og:title\" content=\"Aviso Legal | Algar Carnota\" \/>\n<meta property=\"og:description\" content=\"Aviso Legal Algar Carnota INTRODUCCI\u00d3N En este texto legal el usuario de la web podr\u00e1 encontrar la informaci\u00f3n que le permitir\u00e1 identificar a la empresa responsable de la p\u00e1gina, as\u00ed como toda la informaci\u00f3n relativa al sitio web y a &hellip; Read More\" \/>\n<meta property=\"og:url\" content=\"https:\/\/algarcarnota.com\/en\/aviso-legal\/\" \/>\n<meta property=\"og:site_name\" content=\"Algar Carnota\" \/>\n<meta property=\"article:publisher\" content=\"https:\/\/www.facebook.com\/Algar.Carnotasuites\/\" \/>\n<meta property=\"article:modified_time\" content=\"2024-04-26T10:36:26+00:00\" \/>\n<meta property=\"og:image\" content=\"https:\/\/algarcarnota.com\/wp-content\/uploads\/2022\/11\/logo-seo.jpg\" \/>\n\t<meta property=\"og:image:width\" content=\"1200\" \/>\n\t<meta property=\"og:image:height\" content=\"675\" \/>\n\t<meta property=\"og:image:type\" content=\"image\/jpeg\" \/>\n<meta name=\"twitter:card\" content=\"summary_large_image\" \/>\n<meta name=\"twitter:label1\" content=\"Estimated reading time\" \/>\n\t<meta name=\"twitter:data1\" content=\"5 minutes\" \/>\n<script type=\"application\/ld+json\" class=\"yoast-schema-graph\">{\"@context\":\"https:\/\/schema.org\",\"@graph\":[{\"@type\":\"WebPage\",\"@id\":\"https:\/\/algarcarnota.com\/aviso-legal\/\",\"url\":\"https:\/\/algarcarnota.com\/aviso-legal\/\",\"name\":\"Aviso Legal | Algar Carnota\",\"isPartOf\":{\"@id\":\"https:\/\/algarcarnota.com\/#website\"},\"datePublished\":\"2023-04-08T07:54:14+00:00\",\"dateModified\":\"2024-04-26T10:36:26+00:00\",\"breadcrumb\":{\"@id\":\"https:\/\/algarcarnota.com\/aviso-legal\/#breadcrumb\"},\"inLanguage\":\"en-GB\",\"potentialAction\":[{\"@type\":\"ReadAction\",\"target\":[\"https:\/\/algarcarnota.com\/aviso-legal\/\"]}]},{\"@type\":\"BreadcrumbList\",\"@id\":\"https:\/\/algarcarnota.com\/aviso-legal\/#breadcrumb\",\"itemListElement\":[{\"@type\":\"ListItem\",\"position\":1,\"name\":\"Portada\",\"item\":\"https:\/\/algarcarnota.com\/\"},{\"@type\":\"ListItem\",\"position\":2,\"name\":\"Aviso Legal\"}]},{\"@type\":\"WebSite\",\"@id\":\"https:\/\/algarcarnota.com\/#website\",\"url\":\"https:\/\/algarcarnota.com\/\",\"name\":\"Algar Carnota\",\"description\":\"Nuestros apartamentos se encuentran perfectamente integradas en el espacio natural de las marismas y playa de Carnota, considerada una de las mejores localizaciones de la Costa da Morte.\",\"publisher\":{\"@id\":\"https:\/\/algarcarnota.com\/#organization\"},\"potentialAction\":[{\"@type\":\"SearchAction\",\"target\":{\"@type\":\"EntryPoint\",\"urlTemplate\":\"https:\/\/algarcarnota.com\/?s={search_term_string}\"},\"query-input\":{\"@type\":\"PropertyValueSpecification\",\"valueRequired\":true,\"valueName\":\"search_term_string\"}}],\"inLanguage\":\"en-GB\"},{\"@type\":\"Organization\",\"@id\":\"https:\/\/algarcarnota.com\/#organization\",\"name\":\"Algar Carnota Suites\",\"url\":\"https:\/\/algarcarnota.com\/\",\"logo\":{\"@type\":\"ImageObject\",\"inLanguage\":\"en-GB\",\"@id\":\"https:\/\/algarcarnota.com\/#\/schema\/logo\/image\/\",\"url\":\"https:\/\/algarcarnota.com\/wp-content\/uploads\/2022\/01\/logo-algar.png\",\"contentUrl\":\"https:\/\/algarcarnota.com\/wp-content\/uploads\/2022\/01\/logo-algar.png\",\"width\":143,\"height\":73,\"caption\":\"Algar Carnota Suites\"},\"image\":{\"@id\":\"https:\/\/algarcarnota.com\/#\/schema\/logo\/image\/\"},\"sameAs\":[\"https:\/\/www.facebook.com\/Algar.Carnotasuites\/\",\"https:\/\/www.instagram.com\/algar_carnotasuites\/\"]}]}<\/script>\n<!-- \/ Yoast SEO plugin. -->","yoast_head_json":{"title":"Aviso Legal | Algar Carnota","robots":{"index":"noindex","follow":"follow"},"og_locale":"en_GB","og_type":"article","og_title":"Aviso Legal | Algar Carnota","og_description":"Aviso Legal Algar Carnota INTRODUCCI\u00d3N En este texto legal el usuario de la web podr\u00e1 encontrar la informaci\u00f3n que le permitir\u00e1 identificar a la empresa responsable de la p\u00e1gina, as\u00ed como toda la informaci\u00f3n relativa al sitio web y a &hellip; Read More","og_url":"https:\/\/algarcarnota.com\/en\/aviso-legal\/","og_site_name":"Algar Carnota","article_publisher":"https:\/\/www.facebook.com\/Algar.Carnotasuites\/","article_modified_time":"2024-04-26T10:36:26+00:00","og_image":[{"width":1200,"height":675,"url":"https:\/\/algarcarnota.com\/wp-content\/uploads\/2022\/11\/logo-seo.jpg","type":"image\/jpeg"}],"twitter_card":"summary_large_image","twitter_misc":{"Estimated reading time":"5 minutes"},"schema":{"@context":"https:\/\/schema.org","@graph":[{"@type":"WebPage","@id":"https:\/\/algarcarnota.com\/aviso-legal\/","url":"https:\/\/algarcarnota.com\/aviso-legal\/","name":"Aviso Legal | Algar Carnota","isPartOf":{"@id":"https:\/\/algarcarnota.com\/#website"},"datePublished":"2023-04-08T07:54:14+00:00","dateModified":"2024-04-26T10:36:26+00:00","breadcrumb":{"@id":"https:\/\/algarcarnota.com\/aviso-legal\/#breadcrumb"},"inLanguage":"en-GB","potentialAction":[{"@type":"ReadAction","target":["https:\/\/algarcarnota.com\/aviso-legal\/"]}]},{"@type":"BreadcrumbList","@id":"https:\/\/algarcarnota.com\/aviso-legal\/#breadcrumb","itemListElement":[{"@type":"ListItem","position":1,"name":"Portada","item":"https:\/\/algarcarnota.com\/"},{"@type":"ListItem","position":2,"name":"Aviso Legal"}]},{"@type":"WebSite","@id":"https:\/\/algarcarnota.com\/#website","url":"https:\/\/algarcarnota.com\/","name":"Algar Carnota","description":"Nuestros apartamentos se encuentran perfectamente integradas en el espacio natural de las marismas y playa de Carnota, considerada una de las mejores localizaciones de la Costa da Morte.","publisher":{"@id":"https:\/\/algarcarnota.com\/#organization"},"potentialAction":[{"@type":"SearchAction","target":{"@type":"EntryPoint","urlTemplate":"https:\/\/algarcarnota.com\/?s={search_term_string}"},"query-input":{"@type":"PropertyValueSpecification","valueRequired":true,"valueName":"search_term_string"}}],"inLanguage":"en-GB"},{"@type":"Organization","@id":"https:\/\/algarcarnota.com\/#organization","name":"Algar Carnota Suites","url":"https:\/\/algarcarnota.com\/","logo":{"@type":"ImageObject","inLanguage":"en-GB","@id":"https:\/\/algarcarnota.com\/#\/schema\/logo\/image\/","url":"https:\/\/algarcarnota.com\/wp-content\/uploads\/2022\/01\/logo-algar.png","contentUrl":"https:\/\/algarcarnota.com\/wp-content\/uploads\/2022\/01\/logo-algar.png","width":143,"height":73,"caption":"Algar Carnota Suites"},"image":{"@id":"https:\/\/algarcarnota.com\/#\/schema\/logo\/image\/"},"sameAs":["https:\/\/www.facebook.com\/Algar.Carnotasuites\/","https:\/\/www.instagram.com\/algar_carnotasuites\/"]}]}},"_links":{"self":[{"href":"https:\/\/algarcarnota.com\/en\/wp-json\/wp\/v2\/pages\/130","targetHints":{"allow":["GET"]}}],"collection":[{"href":"https:\/\/algarcarnota.com\/en\/wp-json\/wp\/v2\/pages"}],"about":[{"href":"https:\/\/algarcarnota.com\/en\/wp-json\/wp\/v2\/types\/page"}],"author":[{"embeddable":true,"href":"https:\/\/algarcarnota.com\/en\/wp-json\/wp\/v2\/users\/1"}],"replies":[{"embeddable":true,"href":"https:\/\/algarcarnota.com\/en\/wp-json\/wp\/v2\/comments?post=130"}],"version-history":[{"count":12,"href":"https:\/\/algarcarnota.com\/en\/wp-json\/wp\/v2\/pages\/130\/revisions"}],"predecessor-version":[{"id":1505,"href":"https:\/\/algarcarnota.com\/en\/wp-json\/wp\/v2\/pages\/130\/revisions\/1505"}],"wp:attachment":[{"href":"https:\/\/algarcarnota.com\/en\/wp-json\/wp\/v2\/media?parent=130"}],"curies":[{"name":"wp","href":"https:\/\/api.w.org\/{rel}","templated":true}]}}