{"id":1564,"date":"2026-04-17T09:35:25","date_gmt":"2026-04-17T07:35:25","guid":{"rendered":"https:\/\/algarcarnota.com\/ohbe\/"},"modified":"2026-04-17T09:55:17","modified_gmt":"2026-04-17T07:55:17","slug":"ohbe","status":"publish","type":"page","link":"https:\/\/algarcarnota.com\/en\/ohbe\/","title":{"rendered":"Redforts Hotel Booking Engine"},"content":{"rendered":"<div data-elementor-type=\"wp-page\" data-elementor-id=\"1564\" class=\"elementor elementor-1564\">\n\t\t\t\t\t\t<div class=\"elementor-inner\">\n\t\t\t\t<div class=\"elementor-section-wrap\">\n\t\t\t\t\t\t\t\t\t<header class=\"elementor-section elementor-top-section elementor-element elementor-element-fba879d elementor-section-height-min-height elementor-section-boxed elementor-section-height-default elementor-section-items-middle\" data-id=\"fba879d\" data-element_type=\"section\" data-settings=\"{&quot;background_background&quot;:&quot;classic&quot;}\">\n\t\t\t\t\t\t\t<div class=\"elementor-background-overlay\"><\/div>\n\t\t\t\t\t\t\t<div class=\"elementor-container elementor-column-gap-default\">\n\t\t\t\t\t\t\t<div class=\"elementor-row\">\n\t\t\t\t\t<div class=\"elementor-column elementor-col-100 elementor-top-column elementor-element elementor-element-491b825\" data-id=\"491b825\" data-element_type=\"column\">\n\t\t\t<div class=\"elementor-column-wrap elementor-element-populated\">\n\t\t\t\t\t\t\t<div class=\"elementor-widget-wrap\">\n\t\t\t\t\t\t<div class=\"elementor-element elementor-element-83a4636 elementor-widget elementor-widget-spacer\" data-id=\"83a4636\" data-element_type=\"widget\" data-widget_type=\"spacer.default\">\n\t\t\t\t<div class=\"elementor-widget-container\">\n\t\t\t<style>\/*! elementor - v3.16.0 - 14-09-2023 *\/\n.elementor-column .elementor-spacer-inner{height:var(--spacer-size)}.e-con{--container-widget-width:100%}.e-con-inner>.elementor-widget-spacer,.e-con>.elementor-widget-spacer{width:var(--container-widget-width,var(--spacer-size));--align-self:var(--container-widget-align-self,initial);--flex-shrink:0}.e-con-inner>.elementor-widget-spacer>.elementor-widget-container,.e-con>.elementor-widget-spacer>.elementor-widget-container{height:100%;width:100%}.e-con-inner>.elementor-widget-spacer>.elementor-widget-container>.elementor-spacer,.e-con>.elementor-widget-spacer>.elementor-widget-container>.elementor-spacer{height:100%}.e-con-inner>.elementor-widget-spacer>.elementor-widget-container>.elementor-spacer>.elementor-spacer-inner,.e-con>.elementor-widget-spacer>.elementor-widget-container>.elementor-spacer>.elementor-spacer-inner{height:var(--container-widget-height,var(--spacer-size))}.e-con-inner>.elementor-widget-spacer.elementor-widget-empty,.e-con>.elementor-widget-spacer.elementor-widget-empty{position:relative;min-height:22px;min-width:22px}.e-con-inner>.elementor-widget-spacer.elementor-widget-empty .elementor-widget-empty-icon,.e-con>.elementor-widget-spacer.elementor-widget-empty .elementor-widget-empty-icon{position:absolute;top:0;bottom:0;left:0;right:0;margin:auto;padding:0;width:22px;height:22px}<\/style>\t\t<div class=\"elementor-spacer\">\n\t\t\t<div class=\"elementor-spacer-inner\"><\/div>\n\t\t<\/div>\n\t\t\t\t<\/div>\n\t\t\t\t<\/div>\n\t\t\t\t<div class=\"elementor-element elementor-element-6a59385 elementor-view-default elementor-position-top elementor-widget elementor-widget-themo-header\" data-id=\"6a59385\" data-element_type=\"widget\" data-widget_type=\"themo-header.default\">\n\t\t\t\t<div class=\"elementor-widget-container\">\n\t\t\t\t\t<div class=\"th-header-wrap\">\n        <div class=\"elementor-icon-box-wrapper\">\n                            <div class=\"elementor-icon-box-content\">\n                    <h1 class=\"elementor-icon-box-title\">\n                        Bookings                    <\/h1>\n                                        <p class=\"elementor-icon-box-description\">Make your reservation from here and get advantages over other web pages!<\/p>\n\n                                    <\/div>\n            <\/div>\n\n        <\/div>\n\n\t\t\t\t<\/div>\n\t\t\t\t<\/div>\n\t\t\t\t\t\t<\/div>\n\t\t\t\t\t<\/div>\n\t\t<\/div>\n\t\t\t\t\t\t\t\t<\/div>\n\t\t\t\t\t<\/div>\n\t\t<\/header>\n\t\t\t\t\t\t\t\t\t<\/div>\n\t\t\t<\/div>\n\t\t\t\t\t<\/div>","protected":false},"excerpt":{"rendered":"<p>Reservas \u00a1Haz tu reserva desde aqu\u00ed y obt\u00e9n ventajas frente a otras p\u00e1ginas web!<\/p>","protected":false},"author":1,"featured_media":0,"parent":0,"menu_order":0,"comment_status":"closed","ping_status":"closed","template":"","meta":{"footnotes":""},"class_list":["post-1564","page","type-page","status-publish","hentry"],"yoast_head":"<!-- This site is optimized with the Yoast SEO plugin v27.4 - https:\/\/yoast.com\/product\/yoast-seo-wordpress\/ -->\n<title>Redforts Hotel Booking Engine | Algar Carnota<\/title>\n<meta name=\"robots\" content=\"index, follow, max-snippet:-1, max-image-preview:large, max-video-preview:-1\" \/>\n<link rel=\"canonical\" href=\"https:\/\/algarcarnota.com\/en\/ohbe\/\" \/>\n<meta property=\"og:locale\" content=\"en_GB\" \/>\n<meta property=\"og:type\" content=\"article\" \/>\n<meta property=\"og:title\" content=\"Redforts Hotel Booking Engine | Algar Carnota\" \/>\n<meta property=\"og:description\" content=\"Reservas \u00a1Haz tu reserva desde aqu\u00ed y obt\u00e9n ventajas frente a otras p\u00e1ginas web!\" \/>\n<meta property=\"og:url\" content=\"https:\/\/algarcarnota.com\/en\/ohbe\/\" \/>\n<meta property=\"og:site_name\" content=\"Algar Carnota\" \/>\n<meta property=\"article:publisher\" content=\"https:\/\/www.facebook.com\/Algar.Carnotasuites\/\" \/>\n<meta property=\"article:modified_time\" content=\"2026-04-17T07:55:17+00:00\" \/>\n<meta property=\"og:image\" content=\"https:\/\/algarcarnota.com\/wp-content\/uploads\/2022\/11\/logo-seo.jpg\" \/>\n\t<meta property=\"og:image:width\" content=\"1200\" \/>\n\t<meta property=\"og:image:height\" content=\"675\" \/>\n\t<meta property=\"og:image:type\" content=\"image\/jpeg\" \/>\n<meta name=\"twitter:card\" content=\"summary_large_image\" \/>\n<script type=\"application\/ld+json\" class=\"yoast-schema-graph\">{\"@context\":\"https:\\\/\\\/schema.org\",\"@graph\":[{\"@type\":\"WebPage\",\"@id\":\"https:\\\/\\\/algarcarnota.com\\\/ohbe\\\/\",\"url\":\"https:\\\/\\\/algarcarnota.com\\\/ohbe\\\/\",\"name\":\"Redforts Hotel Booking Engine | Algar Carnota\",\"isPartOf\":{\"@id\":\"https:\\\/\\\/algarcarnota.com\\\/#website\"},\"datePublished\":\"2026-04-17T07:35:25+00:00\",\"dateModified\":\"2026-04-17T07:55:17+00:00\",\"breadcrumb\":{\"@id\":\"https:\\\/\\\/algarcarnota.com\\\/ohbe\\\/#breadcrumb\"},\"inLanguage\":\"en-GB\",\"potentialAction\":[{\"@type\":\"ReadAction\",\"target\":[\"https:\\\/\\\/algarcarnota.com\\\/ohbe\\\/\"]}]},{\"@type\":\"BreadcrumbList\",\"@id\":\"https:\\\/\\\/algarcarnota.com\\\/ohbe\\\/#breadcrumb\",\"itemListElement\":[{\"@type\":\"ListItem\",\"position\":1,\"name\":\"Portada\",\"item\":\"https:\\\/\\\/algarcarnota.com\\\/\"},{\"@type\":\"ListItem\",\"position\":2,\"name\":\"Redforts Hotel Booking Engine\"}]},{\"@type\":\"WebSite\",\"@id\":\"https:\\\/\\\/algarcarnota.com\\\/#website\",\"url\":\"https:\\\/\\\/algarcarnota.com\\\/\",\"name\":\"Algar Carnota\",\"description\":\"Nuestros apartamentos se encuentran perfectamente integradas en el espacio natural de las marismas y playa de Carnota, considerada una de las mejores localizaciones de la Costa da Morte.\",\"publisher\":{\"@id\":\"https:\\\/\\\/algarcarnota.com\\\/#organization\"},\"potentialAction\":[{\"@type\":\"SearchAction\",\"target\":{\"@type\":\"EntryPoint\",\"urlTemplate\":\"https:\\\/\\\/algarcarnota.com\\\/?s={search_term_string}\"},\"query-input\":{\"@type\":\"PropertyValueSpecification\",\"valueRequired\":true,\"valueName\":\"search_term_string\"}}],\"inLanguage\":\"en-GB\"},{\"@type\":\"Organization\",\"@id\":\"https:\\\/\\\/algarcarnota.com\\\/#organization\",\"name\":\"Algar Carnota Suites\",\"url\":\"https:\\\/\\\/algarcarnota.com\\\/\",\"logo\":{\"@type\":\"ImageObject\",\"inLanguage\":\"en-GB\",\"@id\":\"https:\\\/\\\/algarcarnota.com\\\/#\\\/schema\\\/logo\\\/image\\\/\",\"url\":\"https:\\\/\\\/algarcarnota.com\\\/wp-content\\\/uploads\\\/2022\\\/01\\\/logo-algar.png\",\"contentUrl\":\"https:\\\/\\\/algarcarnota.com\\\/wp-content\\\/uploads\\\/2022\\\/01\\\/logo-algar.png\",\"width\":143,\"height\":73,\"caption\":\"Algar Carnota Suites\"},\"image\":{\"@id\":\"https:\\\/\\\/algarcarnota.com\\\/#\\\/schema\\\/logo\\\/image\\\/\"},\"sameAs\":[\"https:\\\/\\\/www.facebook.com\\\/Algar.Carnotasuites\\\/\",\"https:\\\/\\\/www.instagram.com\\\/algar_carnotasuites\\\/\"]}]}<\/script>\n<!-- \/ Yoast SEO plugin. -->","yoast_head_json":{"title":"Redforts Hotel Booking Engine | Algar Carnota","robots":{"index":"index","follow":"follow","max-snippet":"max-snippet:-1","max-image-preview":"max-image-preview:large","max-video-preview":"max-video-preview:-1"},"canonical":"https:\/\/algarcarnota.com\/en\/ohbe\/","og_locale":"en_GB","og_type":"article","og_title":"Redforts Hotel Booking Engine | Algar Carnota","og_description":"Reservas \u00a1Haz tu reserva desde aqu\u00ed y obt\u00e9n ventajas frente a otras p\u00e1ginas web!","og_url":"https:\/\/algarcarnota.com\/en\/ohbe\/","og_site_name":"Algar Carnota","article_publisher":"https:\/\/www.facebook.com\/Algar.Carnotasuites\/","article_modified_time":"2026-04-17T07:55:17+00:00","og_image":[{"width":1200,"height":675,"url":"https:\/\/algarcarnota.com\/wp-content\/uploads\/2022\/11\/logo-seo.jpg","type":"image\/jpeg"}],"twitter_card":"summary_large_image","schema":{"@context":"https:\/\/schema.org","@graph":[{"@type":"WebPage","@id":"https:\/\/algarcarnota.com\/ohbe\/","url":"https:\/\/algarcarnota.com\/ohbe\/","name":"Redforts Hotel Booking Engine | Algar Carnota","isPartOf":{"@id":"https:\/\/algarcarnota.com\/#website"},"datePublished":"2026-04-17T07:35:25+00:00","dateModified":"2026-04-17T07:55:17+00:00","breadcrumb":{"@id":"https:\/\/algarcarnota.com\/ohbe\/#breadcrumb"},"inLanguage":"en-GB","potentialAction":[{"@type":"ReadAction","target":["https:\/\/algarcarnota.com\/ohbe\/"]}]},{"@type":"BreadcrumbList","@id":"https:\/\/algarcarnota.com\/ohbe\/#breadcrumb","itemListElement":[{"@type":"ListItem","position":1,"name":"Portada","item":"https:\/\/algarcarnota.com\/"},{"@type":"ListItem","position":2,"name":"Redforts Hotel Booking Engine"}]},{"@type":"WebSite","@id":"https:\/\/algarcarnota.com\/#website","url":"https:\/\/algarcarnota.com\/","name":"Algar Carnota","description":"Nuestros apartamentos se encuentran perfectamente integradas en el espacio natural de las marismas y playa de Carnota, considerada una de las mejores localizaciones de la Costa da Morte.","publisher":{"@id":"https:\/\/algarcarnota.com\/#organization"},"potentialAction":[{"@type":"SearchAction","target":{"@type":"EntryPoint","urlTemplate":"https:\/\/algarcarnota.com\/?s={search_term_string}"},"query-input":{"@type":"PropertyValueSpecification","valueRequired":true,"valueName":"search_term_string"}}],"inLanguage":"en-GB"},{"@type":"Organization","@id":"https:\/\/algarcarnota.com\/#organization","name":"Algar Carnota Suites","url":"https:\/\/algarcarnota.com\/","logo":{"@type":"ImageObject","inLanguage":"en-GB","@id":"https:\/\/algarcarnota.com\/#\/schema\/logo\/image\/","url":"https:\/\/algarcarnota.com\/wp-content\/uploads\/2022\/01\/logo-algar.png","contentUrl":"https:\/\/algarcarnota.com\/wp-content\/uploads\/2022\/01\/logo-algar.png","width":143,"height":73,"caption":"Algar Carnota Suites"},"image":{"@id":"https:\/\/algarcarnota.com\/#\/schema\/logo\/image\/"},"sameAs":["https:\/\/www.facebook.com\/Algar.Carnotasuites\/","https:\/\/www.instagram.com\/algar_carnotasuites\/"]}]}},"_links":{"self":[{"href":"https:\/\/algarcarnota.com\/en\/wp-json\/wp\/v2\/pages\/1564","targetHints":{"allow":["GET"]}}],"collection":[{"href":"https:\/\/algarcarnota.com\/en\/wp-json\/wp\/v2\/pages"}],"about":[{"href":"https:\/\/algarcarnota.com\/en\/wp-json\/wp\/v2\/types\/page"}],"author":[{"embeddable":true,"href":"https:\/\/algarcarnota.com\/en\/wp-json\/wp\/v2\/users\/1"}],"replies":[{"embeddable":true,"href":"https:\/\/algarcarnota.com\/en\/wp-json\/wp\/v2\/comments?post=1564"}],"version-history":[{"count":7,"href":"https:\/\/algarcarnota.com\/en\/wp-json\/wp\/v2\/pages\/1564\/revisions"}],"predecessor-version":[{"id":1581,"href":"https:\/\/algarcarnota.com\/en\/wp-json\/wp\/v2\/pages\/1564\/revisions\/1581"}],"wp:attachment":[{"href":"https:\/\/algarcarnota.com\/en\/wp-json\/wp\/v2\/media?parent=1564"}],"curies":[{"name":"wp","href":"https:\/\/api.w.org\/{rel}","templated":true}]}}