{"id":3,"date":"2023-04-08T10:11:45","date_gmt":"2023-04-08T09:11:45","guid":{"rendered":"https:\/\/algarcarnotasuites.com\/?page_id=3"},"modified":"2024-04-26T12:39:37","modified_gmt":"2024-04-26T10:39:37","slug":"politica-de-privacidad","status":"publish","type":"page","link":"https:\/\/algarcarnota.com\/en\/politica-de-privacidad\/","title":{"rendered":"Privacy Policy"},"content":{"rendered":"<div data-elementor-type=\"wp-page\" data-elementor-id=\"3\" class=\"elementor elementor-3\">\n\t\t\t\t\t\t<div class=\"elementor-inner\">\n\t\t\t\t<div class=\"elementor-section-wrap\">\n\t\t\t\t\t\t\t\t\t<section class=\"elementor-section elementor-top-section elementor-element elementor-element-132b93c elementor-section-height-min-height elementor-section-boxed elementor-section-height-default elementor-section-items-middle\" data-id=\"132b93c\" data-element_type=\"section\" data-settings=\"{&quot;background_background&quot;:&quot;classic&quot;}\">\n\t\t\t\t\t\t\t<div class=\"elementor-background-overlay\"><\/div>\n\t\t\t\t\t\t\t<div class=\"elementor-container elementor-column-gap-default\">\n\t\t\t\t\t\t\t<div class=\"elementor-row\">\n\t\t\t\t\t<div class=\"elementor-column elementor-col-100 elementor-top-column elementor-element elementor-element-9c19602\" data-id=\"9c19602\" data-element_type=\"column\">\n\t\t\t<div class=\"elementor-column-wrap elementor-element-populated\">\n\t\t\t\t\t\t\t<div class=\"elementor-widget-wrap\">\n\t\t\t\t\t\t<div class=\"elementor-element elementor-element-5fc23ee elementor-widget elementor-widget-spacer\" data-id=\"5fc23ee\" data-element_type=\"widget\" data-widget_type=\"spacer.default\">\n\t\t\t\t<div class=\"elementor-widget-container\">\n\t\t\t<style>\/*! elementor - v3.16.0 - 14-09-2023 *\/\n.elementor-column .elementor-spacer-inner{height:var(--spacer-size)}.e-con{--container-widget-width:100%}.e-con-inner>.elementor-widget-spacer,.e-con>.elementor-widget-spacer{width:var(--container-widget-width,var(--spacer-size));--align-self:var(--container-widget-align-self,initial);--flex-shrink:0}.e-con-inner>.elementor-widget-spacer>.elementor-widget-container,.e-con>.elementor-widget-spacer>.elementor-widget-container{height:100%;width:100%}.e-con-inner>.elementor-widget-spacer>.elementor-widget-container>.elementor-spacer,.e-con>.elementor-widget-spacer>.elementor-widget-container>.elementor-spacer{height:100%}.e-con-inner>.elementor-widget-spacer>.elementor-widget-container>.elementor-spacer>.elementor-spacer-inner,.e-con>.elementor-widget-spacer>.elementor-widget-container>.elementor-spacer>.elementor-spacer-inner{height:var(--container-widget-height,var(--spacer-size))}.e-con-inner>.elementor-widget-spacer.elementor-widget-empty,.e-con>.elementor-widget-spacer.elementor-widget-empty{position:relative;min-height:22px;min-width:22px}.e-con-inner>.elementor-widget-spacer.elementor-widget-empty .elementor-widget-empty-icon,.e-con>.elementor-widget-spacer.elementor-widget-empty .elementor-widget-empty-icon{position:absolute;top:0;bottom:0;left:0;right:0;margin:auto;padding:0;width:22px;height:22px}<\/style>\t\t<div class=\"elementor-spacer\">\n\t\t\t<div class=\"elementor-spacer-inner\"><\/div>\n\t\t<\/div>\n\t\t\t\t<\/div>\n\t\t\t\t<\/div>\n\t\t\t\t<div class=\"elementor-element elementor-element-06b02b1 elementor-view-default elementor-position-top elementor-widget elementor-widget-themo-header\" data-id=\"06b02b1\" data-element_type=\"widget\" data-widget_type=\"themo-header.default\">\n\t\t\t\t<div class=\"elementor-widget-container\">\n\t\t\t\t\t<div class=\"th-header-wrap\">\n        <div class=\"elementor-icon-box-wrapper\">\n                            <div class=\"elementor-icon-box-content\">\n                    <h1 class=\"elementor-icon-box-title\">\n                        Privacy Policy                    <\/h1>\n                                        <p class=\"elementor-icon-box-description\">Algar Carnota<\/p>\n\n                                    <\/div>\n            <\/div>\n\n        <\/div>\n\n\t\t\t\t<\/div>\n\t\t\t\t<\/div>\n\t\t\t\t\t\t<\/div>\n\t\t\t\t\t<\/div>\n\t\t<\/div>\n\t\t\t\t\t\t\t\t<\/div>\n\t\t\t\t\t<\/div>\n\t\t<\/section>\n\t\t\t\t<section class=\"elementor-section elementor-top-section elementor-element elementor-element-643cf501 elementor-section-boxed elementor-section-height-default elementor-section-height-default\" data-id=\"643cf501\" data-element_type=\"section\">\n\t\t\t\t\t\t<div class=\"elementor-container elementor-column-gap-default\">\n\t\t\t\t\t\t\t<div class=\"elementor-row\">\n\t\t\t\t\t<div class=\"elementor-column elementor-col-100 elementor-top-column elementor-element elementor-element-609ba246\" data-id=\"609ba246\" data-element_type=\"column\">\n\t\t\t<div class=\"elementor-column-wrap elementor-element-populated\">\n\t\t\t\t\t\t\t<div class=\"elementor-widget-wrap\">\n\t\t\t\t\t\t<div class=\"elementor-element elementor-element-e215e7e elementor-widget elementor-widget-text-editor\" data-id=\"e215e7e\" data-element_type=\"widget\" data-widget_type=\"text-editor.default\">\n\t\t\t\t<div class=\"elementor-widget-container\">\n\t\t\t<style>\/*! elementor - v3.16.0 - 14-09-2023 *\/\n.elementor-widget-text-editor.elementor-drop-cap-view-stacked .elementor-drop-cap{background-color:#69727d;color:#fff}.elementor-widget-text-editor.elementor-drop-cap-view-framed .elementor-drop-cap{color:#69727d;border:3px solid;background-color:transparent}.elementor-widget-text-editor:not(.elementor-drop-cap-view-default) .elementor-drop-cap{margin-top:8px}.elementor-widget-text-editor:not(.elementor-drop-cap-view-default) .elementor-drop-cap-letter{width:1em;height:1em}.elementor-widget-text-editor .elementor-drop-cap{float:left;text-align:center;line-height:1;font-size:50px}.elementor-widget-text-editor .elementor-drop-cap-letter{display:inline-block}<\/style>\t\t\t\t\t<div class=\"elementor-text-editor elementor-clearfix\">\n\t\t\t\t<!-- wp:heading -->\n<h3>Introducci\u00f3n<\/h3>\n<p>La presente Pol\u00edtica de Privacidad ha sido desarrollada teniendo en cuenta lo dispuesto por la Ley Org\u00e1nica de Protecci\u00f3n de Datos de car\u00e1cter personal en vigor, as\u00ed como por el Reglamento 2016\/679 del Parlamento Europeo y del consejo del 27 de abril de 2016 relativo a la protecci\u00f3n de las personas f\u00edsicas en lo que respecta al tratamiento de datos personales y a la circulaci\u00f3n de estos datos, en adelante el RGPD.<\/p>\n<p>Esta Pol\u00edtica de Privacidad tiene por objeto poner en conocimiento de los titulares de los datos personales, respecto de los cuales se est\u00e1 recabando informaci\u00f3n, los aspectos espec\u00edficos relativos al tratamiento sus datos, entre otras cosas, las finalidades de los tratamientos, los datos de contacto para ejercer los derechos que le asisten, los plazos de conservaci\u00f3n de la informaci\u00f3n y las medidas de seguridad entre otras cosas.<\/p>\n<h3>Responsable del Tratamiento<\/h3>\n<p>En t\u00e9rminos de protecci\u00f3n de datos, Fernandez Siaba, Ismael (en adelante ALGAR CARNOTA)., debe ser considerado Responsable del Tratamiento, en relaci\u00f3n a los ficheros\/tratamientos recabados a trav\u00e9s de la presente web o a trav\u00e9s de cualquier otra v\u00eda como puede ser telef\u00f3nica, email, presencial, en papel a trav\u00e9s de formularios, a trav\u00e9s de documentos legales, etc.<\/p>\n<p>A continuaci\u00f3n, se indican los datos identificativos del titular del presente sitio web:<\/p>\n<p>Responsable del Tratamiento: Fernandez Siaba, Ismael<br \/>Direcci\u00f3n postal: Rua Igrexas &#8211; 15293 &#8211; Carnota &#8211; A Coru\u00f1a<br \/>Direcci\u00f3n electr\u00f3nica: info@algarcarnotasuites.com<\/p>\n<h3>Tratamientos de datos<\/h3>\n<p>Los datos de car\u00e1cter personal que se soliciten, en su caso, consistir\u00e1n \u00fanicamente en aquellos estrictamente imprescindibles para identificar y atender la solicitud realizada por el titular de los mismos, en adelante el interesado. Dicha informaci\u00f3n ser\u00e1 tratada de forma leal, l\u00edcita y transparente en relaci\u00f3n con el interesado. Por otra parte, los datos personales ser\u00e1n recogidos para finalidades determinadas expl\u00edcitas y leg\u00edtimas, no siendo tratados ulteriormente de manera con incompatible con dichos fines.<\/p>\n<p>Los datos recogidos de cada interesado ser\u00e1n adecuados, pertinentes y no excesivos en relaci\u00f3n a las finalidades correspondientes para cada caso, y ser\u00e1n actualizados siempre que sea necesario.<\/p>\n<p>El titular de los datos ser\u00e1 informado, con car\u00e1cter previo a la recogida de sus datos, de los extremos generales regulados en esta pol\u00edtica a fin de que pueda prestar el consentimiento expreso, preciso e inequ\u00edvoco para el tratamiento de sus datos, conforme a los siguientes aspectos.<\/p>\n<h3>Finalidades del tratamiento.<\/h3>\n<p>Las finalidades expl\u00edcitas para las cuales se llevan a cabo cada uno de los tratamientos vienen recogidas en las cl\u00e1usulas informativas incorporadas en cada una de las v\u00edas de toma de datos (formularios web, formularios en papel, locuciones o carteles y notas informativas).<\/p>\n<p>No obstante, los datos de car\u00e1cter personal del interesado ser\u00e1n tratados con la exclusiva finalidad de proporcionarles una respuesta efectiva y atender las solicitudes practicadas por el usuario, especificadas junto a la opci\u00f3n, servicio, formulario o sistema de toma de datos que el titular utilice.<\/p>\n<h3>Legitimaci\u00f3n<\/h3>\n<p>Por regla general, previo al tratamiento de los datos personales, ALGAR CARNOTA obtiene consentimiento expreso e inequ\u00edvoco del titular de los mismos, mediante la incorporaci\u00f3n de cl\u00e1usulas de consentimiento informado en los diferentes sistemas de recogida de informaci\u00f3n.<\/p>\n<p>No obstante, en caso de que no se requiera el consentimiento del interesado, la base legitimadora del tratamiento en la cual se ampara ALGAR CARNOTA es la existencia de una ley o norma espec\u00edfica que autorice o exija el tratamiento el tratamiento de los datos del interesado.<\/p>\n<h3>Destinatarios<\/h3>\n<p>Por regla general, ALGAR CARNOTA no procede a la cesi\u00f3n o comunicaci\u00f3n de los datos a terceras entidades, salvo las requeridas legalmente, no obstante, en caso de que fuera necesario, dichas cesiones o comunicaciones de datos se informan al interesado a trav\u00e9s de las cl\u00e1usulas de consentimiento informado contenidas en las diferentes v\u00edas de recogida de datos personales.<\/p>\n<h3>Procedencia<\/h3>\n<p>Por regla general, los datos personales se recogen siempre directamente del interesado, no obstante, en determinadas excepciones, los datos pueden ser recogidos a trav\u00e9s de terceras personas, entidades o servicios diferentes del interesado. En este sentido, este extremo ser\u00e1 trasladado al interesado a trav\u00e9s de las cl\u00e1usulas de consentimiento informado contenidas en las diferentes v\u00edas de recogida de informaci\u00f3n y dentro de un plazo razonable, una vez obtenidos los datos, y a m\u00e1s tardar dentro de un mes.<\/p>\n<h3>Plazos de conservaci\u00f3n<\/h3>\n<p>La informaci\u00f3n recabada del interesado ser\u00e1 conservada mientras sea necesaria para cumplir con la finalidad para la cual fueron recabados los datos personales, de forma que, una vez cumplida la finalidad los datos ser\u00e1n cancelados. Dicha cancelaci\u00f3n dar\u00e1 lugar al bloqueo de los datos conserv\u00e1ndose \u00fanicamente a disposici\u00f3n de las AAPP, Jueces y Tribunales, para atender las posibles responsabilidades nacidas del tratamiento, durante el plazo de prescripci\u00f3n de \u00e9stas, cumplido el citado plazo se proceder\u00e1 a la destrucci\u00f3n de la informaci\u00f3n.<\/p>\n<p>A t\u00edtulo informativo, a continuaci\u00f3n se recogen los plazos legales de conservaci\u00f3n de la informaci\u00f3n en relaci\u00f3n a diferentes materias:<\/p>\n<p>DOCUMENTO PLAZO REF. LEGAL<\/p>\n<table width=\"100%\">\n<tbody>\n<tr>\n<td width=\"249\">DOCUMENTO<\/td>\n<td width=\"152\">PLAZO<\/td>\n<td width=\"307\">REF.\u00a0 LEGAL<\/td>\n<\/tr>\n<tr>\n<td width=\"249\">Documentaci\u00f3n de car\u00e1cter laboral o relacionada con la seguridad social<\/td>\n<td width=\"152\">4 a\u00f1os<\/td>\n<td width=\"307\">Art\u00edculo 21 del Real Decreto Legislativo 5\/2000, de 4 de agosto, por el que se aprueba el texto refundido de la Ley sobre Infracciones y Sanciones en el Orden Social<\/td>\n<\/tr>\n<tr>\n<td width=\"249\">Documentaci\u00f3n contable y fiscal a efectos mercantiles<\/td>\n<td width=\"152\">6 a\u00f1os<\/td>\n<td width=\"307\">Art. 30 C\u00f3digo Comercio<\/td>\n<\/tr>\n<tr>\n<td width=\"249\">Documentaci\u00f3n contable y fiscal a efectos fiscales<\/td>\n<td width=\"152\">4 a\u00f1os<\/td>\n<td width=\"307\">Art\u00edculos 66 a 70 Ley General Tributaria<\/td>\n<\/tr>\n<tr>\n<td width=\"249\">Control de accesos a edificios<\/td>\n<td width=\"152\">1 mes<\/td>\n<td width=\"307\">Instrucci\u00f3n 1\/1996 de la AEPD<\/td>\n<\/tr>\n<tr>\n<td width=\"249\">Videovigilancia<\/td>\n<td width=\"152\">1 mes<\/td>\n<td width=\"307\">Instrucci\u00f3n 1\/2006 de la AEPD Ley Org\u00e1nica 4\/1997<\/td>\n<\/tr>\n<\/tbody>\n<\/table>\n<h3>Datos de navegaci\u00f3n<\/h3>\n<p>En relaci\u00f3n a los datos de navegaci\u00f3n que se puedan tratar a trav\u00e9s del sitio web, en caso de que se recojan datos sometidos a la normativa, se recomienda consultar la Pol\u00edtica de Cookies publicada en nuestro sitio web.<\/p>\n<h3>Derechos de los interesados<\/h3>\n<p>La normativa en materia de protecci\u00f3n de datos otorga una serie de derechos a los interesados o titulares de los datos, usuarios del sitio web o usuarios de los perfiles de las redes sociales de ALGAR CARNOTA.<\/p>\n<p>Estos derechos que asisten a las personas interesadas son los siguientes:<\/p>\n<ul>\n<li>Derecho de acceso: derecho a obtener informaci\u00f3n sobre si sus propios datos est\u00e1n siendo objeto de tratamiento, la finalidad del tratamiento que se est\u00e9 realizando, las categor\u00edas de datos que se trate, los destinatarios o categor\u00edas de destinatarios, el plazo de conservaci\u00f3n y el origen de dichos datos.<\/li>\n<li>Derecho de rectificaci\u00f3n: derecho a obtener la rectificaci\u00f3n de los datos personales inexactos o incompletos.<\/li>\n<li>Derecho de supresi\u00f3n: derecho a obtener la supresi\u00f3n de los datos en los siguientes supuestos:\n<ul>\n<li>Cuando los datos ya no sean necesarios para la finalidad para la cual fueron recabados<\/li>\n<li>Cuando el titular de los mismos retire el consentimiento<\/li>\n<li>Cuando el interesado se oponga al tratamiento<\/li>\n<li>Cuando deban suprimirse en cumplimiento de una obligaci\u00f3n legal<\/li>\n<li>Cuando los datos se hayan obtenido en virtud de un servicio de sociedad de la informaci\u00f3n en base a lo dispuesto en el art. 8 apdo. 1 del Reglamento Europeo sobre Protecci\u00f3n de datos.<\/li>\n<\/ul>\n<\/li>\n<li>Derecho de oposici\u00f3n: derecho a oponerse a un determinado tratamiento basado en el consentimiento del interesado.<\/li>\n<li>Derecho de limitaci\u00f3n: derecho a obtener la limitaci\u00f3n del tratamiento de los datos cuando se de alguno de los siguientes supuestos:<br \/>\n<ul>\n<li>Cuando el interesado impugne la exactitud de los datos personales, durante un plazo que permita a la empresa verificar la exactitud de los mismos.<\/li>\n<li>Cuando el tratamiento sea il\u00edcito y el interesado se oponga a la supresi\u00f3n de los datos.<\/li>\n<li>Cuando la empresa ya no necesite los datos para los fines para los que fueron recabados, pero el interesado los necesite para la formulaci\u00f3n, el ejercicio o la defensa de reclamaciones.<\/li>\n<li>Cuando el interesado se haya opuesto al tratamiento mientras se verifica si los motivos leg\u00edtimos de la empresa prevalecen sobre los del interesado.<\/li>\n<\/ul>\n<\/li>\n<\/ul>\n<p>Los interesados podr\u00e1n ejercitar los derechos indicados, dirigi\u00e9ndose a ALGAR CARNOTA, mediante escrito, remitido a la siguiente direcci\u00f3n: info@algarcarnotasuites.com indicando en la l\u00ednea de Asunto el derecho que desea ejercitar. En este sentido, ALGAR CARNOTA atender\u00e1 su solicitud a la mayor brevedad posible y teniendo en cuenta los plazos previstos en la normativa en materia de protecci\u00f3n de datos. Por otra parte, conviene tener en cuenta que el interesado o titular de los datos podr\u00e1 en todo momento presentar una reclamaci\u00f3n ante la autoridad de control competente.<\/p>\n<h3>Seguridad<\/h3>\n<p>Las medidas de seguridad adoptadas por ALGAR CARNOTA son aquellas requeridas, de conformidad con lo establecido en el art\u00edculo 32 del RGPD. En este sentido, ALGAR CARNOTA, teniendo en cuenta el estado de la t\u00e9cnica, los costes de aplicaci\u00f3n y la naturaleza, el alcance, el contexto y los fines del tratamiento, as\u00ed como los riesgos de probabilidad y gravedad variables para los derechos y las libertades de las personas f\u00edsicas, tiene establecidas las medidas t\u00e9cnicas y organizativas apropiadas para garantizar el nivel de seguridad adecuado al riesgo existente.<\/p>\n<p>En todo caso, ALGAR CARNOTA tiene implementados los mecanismos suficientes para:<\/p>\n<ol>\n<li>Garantizar la confidencialidad, integridad, disponibilidad y resiliencia permanentes de los sistemas y servicios de tratamiento.<\/li>\n<li>Restaurar la disponibilidad y el acceso a los datos personales de forma r\u00e1pida, en caso de incidente f\u00edsico o t\u00e9cnico.<\/li>\n<li>Verificar, evaluar y valorar, de forma regular, la eficacia de las medidas t\u00e9cnicas y organizativas implantadas para garantizar la seguridad del tratamiento.<\/li>\n<li>Seudonimizar y cifrar los datos personales, en su caso.<\/li>\n<\/ol>\n<!-- \/wp:paragraph -->\t\t\t\t\t<\/div>\n\t\t\t\t\t\t<\/div>\n\t\t\t\t<\/div>\n\t\t\t\t\t\t<\/div>\n\t\t\t\t\t<\/div>\n\t\t<\/div>\n\t\t\t\t\t\t\t\t<\/div>\n\t\t\t\t\t<\/div>\n\t\t<\/section>\n\t\t\t\t\t\t\t\t\t<\/div>\n\t\t\t<\/div>\n\t\t\t\t\t<\/div>","protected":false},"excerpt":{"rendered":"<p>Pol\u00edtica de Privacidad Algar Carnota Introducci\u00f3n La presente Pol\u00edtica de Privacidad ha sido desarrollada teniendo en cuenta lo dispuesto por la Ley Org\u00e1nica de Protecci\u00f3n de Datos de car\u00e1cter personal en vigor, as\u00ed como por el Reglamento 2016\/679 del Parlamento &hellip; <a href=\"https:\/\/algarcarnota.com\/en\/politica-de-privacidad\/\">Read More<\/a><\/p>","protected":false},"author":1,"featured_media":0,"parent":0,"menu_order":0,"comment_status":"closed","ping_status":"closed","template":"","meta":{"footnotes":""},"class_list":["post-3","page","type-page","status-publish","hentry"],"yoast_head":"<!-- This site is optimized with the Yoast SEO plugin v26.3 - https:\/\/yoast.com\/wordpress\/plugins\/seo\/ -->\n<title>Pol\u00edtica de Privacidad | Algar Carnota<\/title>\n<meta name=\"robots\" content=\"noindex, follow\" \/>\n<meta property=\"og:locale\" content=\"en_GB\" \/>\n<meta property=\"og:type\" content=\"article\" \/>\n<meta property=\"og:title\" content=\"Pol\u00edtica de Privacidad | Algar Carnota\" \/>\n<meta property=\"og:description\" content=\"Pol\u00edtica de Privacidad Algar Carnota Introducci\u00f3n La presente Pol\u00edtica de Privacidad ha sido desarrollada teniendo en cuenta lo dispuesto por la Ley Org\u00e1nica de Protecci\u00f3n de Datos de car\u00e1cter personal en vigor, as\u00ed como por el Reglamento 2016\/679 del Parlamento &hellip; Read More\" \/>\n<meta property=\"og:url\" content=\"https:\/\/algarcarnota.com\/en\/politica-de-privacidad\/\" \/>\n<meta property=\"og:site_name\" content=\"Algar Carnota\" \/>\n<meta property=\"article:publisher\" content=\"https:\/\/www.facebook.com\/Algar.Carnotasuites\/\" \/>\n<meta property=\"article:modified_time\" content=\"2024-04-26T10:39:37+00:00\" \/>\n<meta property=\"og:image\" content=\"https:\/\/algarcarnota.com\/wp-content\/uploads\/2022\/11\/logo-seo.jpg\" \/>\n\t<meta property=\"og:image:width\" content=\"1200\" \/>\n\t<meta property=\"og:image:height\" content=\"675\" \/>\n\t<meta property=\"og:image:type\" content=\"image\/jpeg\" \/>\n<meta name=\"twitter:card\" content=\"summary_large_image\" \/>\n<meta name=\"twitter:label1\" content=\"Estimated reading time\" \/>\n\t<meta name=\"twitter:data1\" content=\"8 minutes\" \/>\n<script type=\"application\/ld+json\" class=\"yoast-schema-graph\">{\"@context\":\"https:\/\/schema.org\",\"@graph\":[{\"@type\":\"WebPage\",\"@id\":\"https:\/\/algarcarnota.com\/politica-de-privacidad\/\",\"url\":\"https:\/\/algarcarnota.com\/politica-de-privacidad\/\",\"name\":\"Pol\u00edtica de Privacidad | Algar Carnota\",\"isPartOf\":{\"@id\":\"https:\/\/algarcarnota.com\/#website\"},\"datePublished\":\"2023-04-08T09:11:45+00:00\",\"dateModified\":\"2024-04-26T10:39:37+00:00\",\"breadcrumb\":{\"@id\":\"https:\/\/algarcarnota.com\/politica-de-privacidad\/#breadcrumb\"},\"inLanguage\":\"en-GB\",\"potentialAction\":[{\"@type\":\"ReadAction\",\"target\":[\"https:\/\/algarcarnota.com\/politica-de-privacidad\/\"]}]},{\"@type\":\"BreadcrumbList\",\"@id\":\"https:\/\/algarcarnota.com\/politica-de-privacidad\/#breadcrumb\",\"itemListElement\":[{\"@type\":\"ListItem\",\"position\":1,\"name\":\"Portada\",\"item\":\"https:\/\/algarcarnota.com\/\"},{\"@type\":\"ListItem\",\"position\":2,\"name\":\"Pol\u00edtica de Privacidad\"}]},{\"@type\":\"WebSite\",\"@id\":\"https:\/\/algarcarnota.com\/#website\",\"url\":\"https:\/\/algarcarnota.com\/\",\"name\":\"Algar Carnota\",\"description\":\"Nuestros apartamentos se encuentran perfectamente integradas en el espacio natural de las marismas y playa de Carnota, considerada una de las mejores localizaciones de la Costa da Morte.\",\"publisher\":{\"@id\":\"https:\/\/algarcarnota.com\/#organization\"},\"potentialAction\":[{\"@type\":\"SearchAction\",\"target\":{\"@type\":\"EntryPoint\",\"urlTemplate\":\"https:\/\/algarcarnota.com\/?s={search_term_string}\"},\"query-input\":{\"@type\":\"PropertyValueSpecification\",\"valueRequired\":true,\"valueName\":\"search_term_string\"}}],\"inLanguage\":\"en-GB\"},{\"@type\":\"Organization\",\"@id\":\"https:\/\/algarcarnota.com\/#organization\",\"name\":\"Algar Carnota Suites\",\"url\":\"https:\/\/algarcarnota.com\/\",\"logo\":{\"@type\":\"ImageObject\",\"inLanguage\":\"en-GB\",\"@id\":\"https:\/\/algarcarnota.com\/#\/schema\/logo\/image\/\",\"url\":\"https:\/\/algarcarnota.com\/wp-content\/uploads\/2022\/01\/logo-algar.png\",\"contentUrl\":\"https:\/\/algarcarnota.com\/wp-content\/uploads\/2022\/01\/logo-algar.png\",\"width\":143,\"height\":73,\"caption\":\"Algar Carnota Suites\"},\"image\":{\"@id\":\"https:\/\/algarcarnota.com\/#\/schema\/logo\/image\/\"},\"sameAs\":[\"https:\/\/www.facebook.com\/Algar.Carnotasuites\/\",\"https:\/\/www.instagram.com\/algar_carnotasuites\/\"]}]}<\/script>\n<!-- \/ Yoast SEO plugin. -->","yoast_head_json":{"title":"Pol\u00edtica de Privacidad | Algar Carnota","robots":{"index":"noindex","follow":"follow"},"og_locale":"en_GB","og_type":"article","og_title":"Pol\u00edtica de Privacidad | Algar Carnota","og_description":"Pol\u00edtica de Privacidad Algar Carnota Introducci\u00f3n La presente Pol\u00edtica de Privacidad ha sido desarrollada teniendo en cuenta lo dispuesto por la Ley Org\u00e1nica de Protecci\u00f3n de Datos de car\u00e1cter personal en vigor, as\u00ed como por el Reglamento 2016\/679 del Parlamento &hellip; Read More","og_url":"https:\/\/algarcarnota.com\/en\/politica-de-privacidad\/","og_site_name":"Algar Carnota","article_publisher":"https:\/\/www.facebook.com\/Algar.Carnotasuites\/","article_modified_time":"2024-04-26T10:39:37+00:00","og_image":[{"width":1200,"height":675,"url":"https:\/\/algarcarnota.com\/wp-content\/uploads\/2022\/11\/logo-seo.jpg","type":"image\/jpeg"}],"twitter_card":"summary_large_image","twitter_misc":{"Estimated reading time":"8 minutes"},"schema":{"@context":"https:\/\/schema.org","@graph":[{"@type":"WebPage","@id":"https:\/\/algarcarnota.com\/politica-de-privacidad\/","url":"https:\/\/algarcarnota.com\/politica-de-privacidad\/","name":"Pol\u00edtica de Privacidad | Algar Carnota","isPartOf":{"@id":"https:\/\/algarcarnota.com\/#website"},"datePublished":"2023-04-08T09:11:45+00:00","dateModified":"2024-04-26T10:39:37+00:00","breadcrumb":{"@id":"https:\/\/algarcarnota.com\/politica-de-privacidad\/#breadcrumb"},"inLanguage":"en-GB","potentialAction":[{"@type":"ReadAction","target":["https:\/\/algarcarnota.com\/politica-de-privacidad\/"]}]},{"@type":"BreadcrumbList","@id":"https:\/\/algarcarnota.com\/politica-de-privacidad\/#breadcrumb","itemListElement":[{"@type":"ListItem","position":1,"name":"Portada","item":"https:\/\/algarcarnota.com\/"},{"@type":"ListItem","position":2,"name":"Pol\u00edtica de Privacidad"}]},{"@type":"WebSite","@id":"https:\/\/algarcarnota.com\/#website","url":"https:\/\/algarcarnota.com\/","name":"Algar Carnota","description":"Nuestros apartamentos se encuentran perfectamente integradas en el espacio natural de las marismas y playa de Carnota, considerada una de las mejores localizaciones de la Costa da Morte.","publisher":{"@id":"https:\/\/algarcarnota.com\/#organization"},"potentialAction":[{"@type":"SearchAction","target":{"@type":"EntryPoint","urlTemplate":"https:\/\/algarcarnota.com\/?s={search_term_string}"},"query-input":{"@type":"PropertyValueSpecification","valueRequired":true,"valueName":"search_term_string"}}],"inLanguage":"en-GB"},{"@type":"Organization","@id":"https:\/\/algarcarnota.com\/#organization","name":"Algar Carnota Suites","url":"https:\/\/algarcarnota.com\/","logo":{"@type":"ImageObject","inLanguage":"en-GB","@id":"https:\/\/algarcarnota.com\/#\/schema\/logo\/image\/","url":"https:\/\/algarcarnota.com\/wp-content\/uploads\/2022\/01\/logo-algar.png","contentUrl":"https:\/\/algarcarnota.com\/wp-content\/uploads\/2022\/01\/logo-algar.png","width":143,"height":73,"caption":"Algar Carnota Suites"},"image":{"@id":"https:\/\/algarcarnota.com\/#\/schema\/logo\/image\/"},"sameAs":["https:\/\/www.facebook.com\/Algar.Carnotasuites\/","https:\/\/www.instagram.com\/algar_carnotasuites\/"]}]}},"_links":{"self":[{"href":"https:\/\/algarcarnota.com\/en\/wp-json\/wp\/v2\/pages\/3","targetHints":{"allow":["GET"]}}],"collection":[{"href":"https:\/\/algarcarnota.com\/en\/wp-json\/wp\/v2\/pages"}],"about":[{"href":"https:\/\/algarcarnota.com\/en\/wp-json\/wp\/v2\/types\/page"}],"author":[{"embeddable":true,"href":"https:\/\/algarcarnota.com\/en\/wp-json\/wp\/v2\/users\/1"}],"replies":[{"embeddable":true,"href":"https:\/\/algarcarnota.com\/en\/wp-json\/wp\/v2\/comments?post=3"}],"version-history":[{"count":7,"href":"https:\/\/algarcarnota.com\/en\/wp-json\/wp\/v2\/pages\/3\/revisions"}],"predecessor-version":[{"id":1518,"href":"https:\/\/algarcarnota.com\/en\/wp-json\/wp\/v2\/pages\/3\/revisions\/1518"}],"wp:attachment":[{"href":"https:\/\/algarcarnota.com\/en\/wp-json\/wp\/v2\/media?parent=3"}],"curies":[{"name":"wp","href":"https:\/\/api.w.org\/{rel}","templated":true}]}}