{"id":593,"date":"2023-04-15T14:22:29","date_gmt":"2023-04-15T13:22:29","guid":{"rendered":"https:\/\/algarcarnotasuites.com\/?page_id=593"},"modified":"2026-04-17T09:44:23","modified_gmt":"2026-04-17T07:44:23","slug":"reservas","status":"publish","type":"page","link":"https:\/\/algarcarnota.com\/en\/reservas\/","title":{"rendered":"Bookings"},"content":{"rendered":"<div data-elementor-type=\"wp-page\" data-elementor-id=\"593\" class=\"elementor elementor-593\">\n\t\t\t\t\t\t<div class=\"elementor-inner\">\n\t\t\t\t<div class=\"elementor-section-wrap\">\n\t\t\t\t\t\t\t\t\t<header class=\"elementor-section elementor-top-section elementor-element elementor-element-e78f1c1 elementor-section-height-min-height elementor-section-boxed elementor-section-height-default elementor-section-items-middle\" data-id=\"e78f1c1\" data-element_type=\"section\" data-settings=\"{&quot;background_background&quot;:&quot;classic&quot;}\">\n\t\t\t\t\t\t\t<div class=\"elementor-background-overlay\"><\/div>\n\t\t\t\t\t\t\t<div class=\"elementor-container elementor-column-gap-default\">\n\t\t\t\t\t\t\t<div class=\"elementor-row\">\n\t\t\t\t\t<div class=\"elementor-column elementor-col-100 elementor-top-column elementor-element elementor-element-990f2e6\" data-id=\"990f2e6\" data-element_type=\"column\">\n\t\t\t<div class=\"elementor-column-wrap elementor-element-populated\">\n\t\t\t\t\t\t\t<div class=\"elementor-widget-wrap\">\n\t\t\t\t\t\t<div class=\"elementor-element elementor-element-a681321 elementor-widget elementor-widget-spacer\" data-id=\"a681321\" data-element_type=\"widget\" data-widget_type=\"spacer.default\">\n\t\t\t\t<div class=\"elementor-widget-container\">\n\t\t\t<style>\/*! elementor - v3.16.0 - 14-09-2023 *\/\n.elementor-column .elementor-spacer-inner{height:var(--spacer-size)}.e-con{--container-widget-width:100%}.e-con-inner>.elementor-widget-spacer,.e-con>.elementor-widget-spacer{width:var(--container-widget-width,var(--spacer-size));--align-self:var(--container-widget-align-self,initial);--flex-shrink:0}.e-con-inner>.elementor-widget-spacer>.elementor-widget-container,.e-con>.elementor-widget-spacer>.elementor-widget-container{height:100%;width:100%}.e-con-inner>.elementor-widget-spacer>.elementor-widget-container>.elementor-spacer,.e-con>.elementor-widget-spacer>.elementor-widget-container>.elementor-spacer{height:100%}.e-con-inner>.elementor-widget-spacer>.elementor-widget-container>.elementor-spacer>.elementor-spacer-inner,.e-con>.elementor-widget-spacer>.elementor-widget-container>.elementor-spacer>.elementor-spacer-inner{height:var(--container-widget-height,var(--spacer-size))}.e-con-inner>.elementor-widget-spacer.elementor-widget-empty,.e-con>.elementor-widget-spacer.elementor-widget-empty{position:relative;min-height:22px;min-width:22px}.e-con-inner>.elementor-widget-spacer.elementor-widget-empty .elementor-widget-empty-icon,.e-con>.elementor-widget-spacer.elementor-widget-empty .elementor-widget-empty-icon{position:absolute;top:0;bottom:0;left:0;right:0;margin:auto;padding:0;width:22px;height:22px}<\/style>\t\t<div class=\"elementor-spacer\">\n\t\t\t<div class=\"elementor-spacer-inner\"><\/div>\n\t\t<\/div>\n\t\t\t\t<\/div>\n\t\t\t\t<\/div>\n\t\t\t\t<div class=\"elementor-element elementor-element-f6d1602 elementor-view-default elementor-position-top elementor-widget elementor-widget-themo-header\" data-id=\"f6d1602\" data-element_type=\"widget\" data-widget_type=\"themo-header.default\">\n\t\t\t\t<div class=\"elementor-widget-container\">\n\t\t\t\t\t<div class=\"th-header-wrap\">\n        <div class=\"elementor-icon-box-wrapper\">\n                            <div class=\"elementor-icon-box-content\">\n                    <h1 class=\"elementor-icon-box-title\">\n                        Bookings                    <\/h1>\n                                        <p class=\"elementor-icon-box-description\">Make your reservation from here and get advantages over other web pages!<\/p>\n\n                                    <\/div>\n            <\/div>\n\n        <\/div>\n\n\t\t\t\t<\/div>\n\t\t\t\t<\/div>\n\t\t\t\t\t\t<\/div>\n\t\t\t\t\t<\/div>\n\t\t<\/div>\n\t\t\t\t\t\t\t\t<\/div>\n\t\t\t\t\t<\/div>\n\t\t<\/header>\n\t\t\t\t<div class=\"elementor-section elementor-top-section elementor-element elementor-element-4f5ed87 elementor-section-full_width elementor-hidden-desktop elementor-hidden-tablet elementor-hidden-mobile elementor-section-height-default elementor-section-height-default\" data-id=\"4f5ed87\" data-element_type=\"section\">\n\t\t\t\t\t\t<div class=\"elementor-container elementor-column-gap-default\">\n\t\t\t\t\t\t\t<div class=\"elementor-row\">\n\t\t\t\t\t<div class=\"elementor-column elementor-col-100 elementor-top-column elementor-element elementor-element-81c6d8e\" data-id=\"81c6d8e\" data-element_type=\"column\">\n\t\t\t<div class=\"elementor-column-wrap elementor-element-populated\">\n\t\t\t\t\t\t\t<div class=\"elementor-widget-wrap\">\n\t\t\t\t\t\t<div class=\"elementor-element elementor-element-2c5e89c elementor-widget elementor-widget-html\" data-id=\"2c5e89c\" data-element_type=\"widget\" data-widget_type=\"html.default\">\n\t\t\t\t<div class=\"elementor-widget-container\">\n\t\t\t<!-- Start by including the following javascript on your pages -->\r\n<script src=\"https:\/\/wubook.net\/js\/nebi\/iframe.jgz\"><\/script>\t\t<\/div>\n\t\t\t\t<\/div>\n\t\t\t\t<div class=\"elementor-element elementor-element-1e6db73 elementor-widget elementor-widget-html\" data-id=\"1e6db73\" data-element_type=\"widget\" data-widget_type=\"html.default\">\n\t\t\t\t<div class=\"elementor-widget-container\">\n\t\t\t<!-- Define and identify a place where you would like the iframe to appear -->\r\n<div id=\"the_place_where_iframe_will_be_installed\"><\/div>\t\t<\/div>\n\t\t\t\t<\/div>\n\t\t\t\t<div class=\"elementor-element elementor-element-dfe76c0 elementor-widget elementor-widget-text-editor\" data-id=\"dfe76c0\" data-element_type=\"widget\" data-widget_type=\"text-editor.default\">\n\t\t\t\t<div class=\"elementor-widget-container\">\n\t\t\t<style>\/*! elementor - v3.16.0 - 14-09-2023 *\/\n.elementor-widget-text-editor.elementor-drop-cap-view-stacked .elementor-drop-cap{background-color:#69727d;color:#fff}.elementor-widget-text-editor.elementor-drop-cap-view-framed .elementor-drop-cap{color:#69727d;border:3px solid;background-color:transparent}.elementor-widget-text-editor:not(.elementor-drop-cap-view-default) .elementor-drop-cap{margin-top:8px}.elementor-widget-text-editor:not(.elementor-drop-cap-view-default) .elementor-drop-cap-letter{width:1em;height:1em}.elementor-widget-text-editor .elementor-drop-cap{float:left;text-align:center;line-height:1;font-size:50px}.elementor-widget-text-editor .elementor-drop-cap-letter{display:inline-block}<\/style>\t\t\t\t\t<div class=\"elementor-text-editor elementor-clearfix\">\n\t\t\t\tIt does not work correctly? <a href=\"https:\/\/wubook.net\/neb\/bk\/?ep=016b52b5\" target=\"_blank\" rel=\"noopener\">Press here<\/a>\t\t\t\t\t<\/div>\n\t\t\t\t\t\t<\/div>\n\t\t\t\t<\/div>\n\t\t\t\t<div class=\"elementor-element elementor-element-6707aa0 elementor-widget elementor-widget-html\" data-id=\"6707aa0\" data-element_type=\"widget\" data-widget_type=\"html.default\">\n\t\t\t\t<div class=\"elementor-widget-container\">\n\t\t\t<!-- Finally apply -->\r\n<script>\r\nvar url= 'https:\/\/wubook.net\/neb\/bk?f=today&n=1&ep=016b52b5&jr=%5B%7B%22occupancy%22%3A%7B%22adults%22%3A2%2C%22children%22%3A0%2C%22teens%22%3A0%2C%22babies%22%3A0%7D%7D%5D';  \r\nvar target= '#the_place_where_iframe_will_be_installed';  \r\nvar Neb= new ZakNebIframe(target, url);\r\nNeb.render();\r\n<\/script>\t\t<\/div>\n\t\t\t\t<\/div>\n\t\t\t\t\t\t<\/div>\n\t\t\t\t\t<\/div>\n\t\t<\/div>\n\t\t\t\t\t\t\t\t<\/div>\n\t\t\t\t\t<\/div>\n\t\t<\/div>\n\t\t\t\t<section class=\"elementor-section elementor-top-section elementor-element elementor-element-2ab94a0 elementor-section-boxed elementor-section-height-default elementor-section-height-default\" data-id=\"2ab94a0\" data-element_type=\"section\">\n\t\t\t\t\t\t<div class=\"elementor-container elementor-column-gap-default\">\n\t\t\t\t\t\t\t<div class=\"elementor-row\">\n\t\t\t\t\t<div class=\"elementor-column elementor-col-100 elementor-top-column elementor-element elementor-element-5d05b8f\" data-id=\"5d05b8f\" data-element_type=\"column\">\n\t\t\t<div class=\"elementor-column-wrap elementor-element-populated\">\n\t\t\t\t\t\t\t<div class=\"elementor-widget-wrap\">\n\t\t\t\t\t\t<div class=\"elementor-element elementor-element-63368a3 elementor-widget__width-auto elementor-widget elementor-widget-html\" data-id=\"63368a3\" data-element_type=\"widget\" data-widget_type=\"html.default\">\n\t\t\t\t<div class=\"elementor-widget-container\">\n\t\t\t<form class=\"ohbe-search-form\" method=\"POST\" action=\"\"><div class=\"input-group\"><input name=\"ohbe_arrival\" class=\"ohbe-datepicker-arrival\" placeholder=\"Arrival\" required readonly data-group-id=\"69f1d50b3a551\"><input name=\"ohbe_departure\" class=\"ohbe-datepicker-departure\" placeholder=\"Departure\" required readonly data-group-id=\"69f1d50b3a551\"><input type=\"hidden\" name=\"ohbe_datepicker_arrival\"><input type=\"hidden\" name=\"ohbe_datepicker_departure\"><button type=\"submit\" name=\"ohbe_search_submit\" class=\"btn-ohbe ohbe-search-submit\">Search<\/button><\/div><input type=\"hidden\" name=\"trp-form-language\" value=\"en\"\/><\/form>\t\t<\/div>\n\t\t\t\t<\/div>\n\t\t\t\t\t\t<\/div>\n\t\t\t\t\t<\/div>\n\t\t<\/div>\n\t\t\t\t\t\t\t\t<\/div>\n\t\t\t\t\t<\/div>\n\t\t<\/section>\n\t\t\t\t\t\t\t\t\t<\/div>\n\t\t\t<\/div>\n\t\t\t\t\t<\/div>","protected":false},"excerpt":{"rendered":"<p>Reservas \u00a1Haz tu reserva desde aqu\u00ed y obt\u00e9n ventajas frente a otras p\u00e1ginas web! \u00bfNo funciona correctamente? Pulsa aqui<\/p>","protected":false},"author":1,"featured_media":0,"parent":0,"menu_order":0,"comment_status":"closed","ping_status":"closed","template":"","meta":{"footnotes":""},"class_list":["post-593","page","type-page","status-publish","hentry"],"yoast_head":"<!-- This site is optimized with the Yoast SEO plugin v27.4 - https:\/\/yoast.com\/product\/yoast-seo-wordpress\/ -->\n<title>Reservas | Algar Carnota<\/title>\n<meta name=\"robots\" content=\"index, follow, max-snippet:-1, max-image-preview:large, max-video-preview:-1\" \/>\n<link rel=\"canonical\" href=\"https:\/\/algarcarnota.com\/en\/reservas\/\" \/>\n<meta property=\"og:locale\" content=\"en_GB\" \/>\n<meta property=\"og:type\" content=\"article\" \/>\n<meta property=\"og:title\" content=\"Reservas | Algar Carnota\" \/>\n<meta property=\"og:description\" content=\"Reservas \u00a1Haz tu reserva desde aqu\u00ed y obt\u00e9n ventajas frente a otras p\u00e1ginas web! \u00bfNo funciona correctamente? Pulsa aqui\" \/>\n<meta property=\"og:url\" content=\"https:\/\/algarcarnota.com\/en\/reservas\/\" \/>\n<meta property=\"og:site_name\" content=\"Algar Carnota\" \/>\n<meta property=\"article:publisher\" content=\"https:\/\/www.facebook.com\/Algar.Carnotasuites\/\" \/>\n<meta property=\"article:modified_time\" content=\"2026-04-17T07:44:23+00:00\" \/>\n<meta property=\"og:image\" content=\"https:\/\/algarcarnota.com\/wp-content\/uploads\/2022\/11\/logo-seo.jpg\" \/>\n\t<meta property=\"og:image:width\" content=\"1200\" \/>\n\t<meta property=\"og:image:height\" content=\"675\" \/>\n\t<meta property=\"og:image:type\" content=\"image\/jpeg\" \/>\n<meta name=\"twitter:card\" content=\"summary_large_image\" \/>\n<meta name=\"twitter:label1\" content=\"Estimated reading time\" \/>\n\t<meta name=\"twitter:data1\" content=\"1 minute\" \/>\n<script type=\"application\/ld+json\" class=\"yoast-schema-graph\">{\"@context\":\"https:\\\/\\\/schema.org\",\"@graph\":[{\"@type\":\"WebPage\",\"@id\":\"https:\\\/\\\/algarcarnota.com\\\/reservas\\\/\",\"url\":\"https:\\\/\\\/algarcarnota.com\\\/reservas\\\/\",\"name\":\"Reservas | Algar Carnota\",\"isPartOf\":{\"@id\":\"https:\\\/\\\/algarcarnota.com\\\/#website\"},\"datePublished\":\"2023-04-15T13:22:29+00:00\",\"dateModified\":\"2026-04-17T07:44:23+00:00\",\"breadcrumb\":{\"@id\":\"https:\\\/\\\/algarcarnota.com\\\/reservas\\\/#breadcrumb\"},\"inLanguage\":\"en-GB\",\"potentialAction\":[{\"@type\":\"ReadAction\",\"target\":[\"https:\\\/\\\/algarcarnota.com\\\/reservas\\\/\"]}]},{\"@type\":\"BreadcrumbList\",\"@id\":\"https:\\\/\\\/algarcarnota.com\\\/reservas\\\/#breadcrumb\",\"itemListElement\":[{\"@type\":\"ListItem\",\"position\":1,\"name\":\"Portada\",\"item\":\"https:\\\/\\\/algarcarnota.com\\\/\"},{\"@type\":\"ListItem\",\"position\":2,\"name\":\"Reservas\"}]},{\"@type\":\"WebSite\",\"@id\":\"https:\\\/\\\/algarcarnota.com\\\/#website\",\"url\":\"https:\\\/\\\/algarcarnota.com\\\/\",\"name\":\"Algar Carnota\",\"description\":\"Nuestros apartamentos se encuentran perfectamente integradas en el espacio natural de las marismas y playa de Carnota, considerada una de las mejores localizaciones de la Costa da Morte.\",\"publisher\":{\"@id\":\"https:\\\/\\\/algarcarnota.com\\\/#organization\"},\"potentialAction\":[{\"@type\":\"SearchAction\",\"target\":{\"@type\":\"EntryPoint\",\"urlTemplate\":\"https:\\\/\\\/algarcarnota.com\\\/?s={search_term_string}\"},\"query-input\":{\"@type\":\"PropertyValueSpecification\",\"valueRequired\":true,\"valueName\":\"search_term_string\"}}],\"inLanguage\":\"en-GB\"},{\"@type\":\"Organization\",\"@id\":\"https:\\\/\\\/algarcarnota.com\\\/#organization\",\"name\":\"Algar Carnota Suites\",\"url\":\"https:\\\/\\\/algarcarnota.com\\\/\",\"logo\":{\"@type\":\"ImageObject\",\"inLanguage\":\"en-GB\",\"@id\":\"https:\\\/\\\/algarcarnota.com\\\/#\\\/schema\\\/logo\\\/image\\\/\",\"url\":\"https:\\\/\\\/algarcarnota.com\\\/wp-content\\\/uploads\\\/2022\\\/01\\\/logo-algar.png\",\"contentUrl\":\"https:\\\/\\\/algarcarnota.com\\\/wp-content\\\/uploads\\\/2022\\\/01\\\/logo-algar.png\",\"width\":143,\"height\":73,\"caption\":\"Algar Carnota Suites\"},\"image\":{\"@id\":\"https:\\\/\\\/algarcarnota.com\\\/#\\\/schema\\\/logo\\\/image\\\/\"},\"sameAs\":[\"https:\\\/\\\/www.facebook.com\\\/Algar.Carnotasuites\\\/\",\"https:\\\/\\\/www.instagram.com\\\/algar_carnotasuites\\\/\"]}]}<\/script>\n<!-- \/ Yoast SEO plugin. -->","yoast_head_json":{"title":"Reservas | Algar Carnota","robots":{"index":"index","follow":"follow","max-snippet":"max-snippet:-1","max-image-preview":"max-image-preview:large","max-video-preview":"max-video-preview:-1"},"canonical":"https:\/\/algarcarnota.com\/en\/reservas\/","og_locale":"en_GB","og_type":"article","og_title":"Reservas | Algar Carnota","og_description":"Reservas \u00a1Haz tu reserva desde aqu\u00ed y obt\u00e9n ventajas frente a otras p\u00e1ginas web! \u00bfNo funciona correctamente? Pulsa aqui","og_url":"https:\/\/algarcarnota.com\/en\/reservas\/","og_site_name":"Algar Carnota","article_publisher":"https:\/\/www.facebook.com\/Algar.Carnotasuites\/","article_modified_time":"2026-04-17T07:44:23+00:00","og_image":[{"width":1200,"height":675,"url":"https:\/\/algarcarnota.com\/wp-content\/uploads\/2022\/11\/logo-seo.jpg","type":"image\/jpeg"}],"twitter_card":"summary_large_image","twitter_misc":{"Estimated reading time":"1 minute"},"schema":{"@context":"https:\/\/schema.org","@graph":[{"@type":"WebPage","@id":"https:\/\/algarcarnota.com\/reservas\/","url":"https:\/\/algarcarnota.com\/reservas\/","name":"Reservas | Algar Carnota","isPartOf":{"@id":"https:\/\/algarcarnota.com\/#website"},"datePublished":"2023-04-15T13:22:29+00:00","dateModified":"2026-04-17T07:44:23+00:00","breadcrumb":{"@id":"https:\/\/algarcarnota.com\/reservas\/#breadcrumb"},"inLanguage":"en-GB","potentialAction":[{"@type":"ReadAction","target":["https:\/\/algarcarnota.com\/reservas\/"]}]},{"@type":"BreadcrumbList","@id":"https:\/\/algarcarnota.com\/reservas\/#breadcrumb","itemListElement":[{"@type":"ListItem","position":1,"name":"Portada","item":"https:\/\/algarcarnota.com\/"},{"@type":"ListItem","position":2,"name":"Reservas"}]},{"@type":"WebSite","@id":"https:\/\/algarcarnota.com\/#website","url":"https:\/\/algarcarnota.com\/","name":"Algar Carnota","description":"Nuestros apartamentos se encuentran perfectamente integradas en el espacio natural de las marismas y playa de Carnota, considerada una de las mejores localizaciones de la Costa da Morte.","publisher":{"@id":"https:\/\/algarcarnota.com\/#organization"},"potentialAction":[{"@type":"SearchAction","target":{"@type":"EntryPoint","urlTemplate":"https:\/\/algarcarnota.com\/?s={search_term_string}"},"query-input":{"@type":"PropertyValueSpecification","valueRequired":true,"valueName":"search_term_string"}}],"inLanguage":"en-GB"},{"@type":"Organization","@id":"https:\/\/algarcarnota.com\/#organization","name":"Algar Carnota Suites","url":"https:\/\/algarcarnota.com\/","logo":{"@type":"ImageObject","inLanguage":"en-GB","@id":"https:\/\/algarcarnota.com\/#\/schema\/logo\/image\/","url":"https:\/\/algarcarnota.com\/wp-content\/uploads\/2022\/01\/logo-algar.png","contentUrl":"https:\/\/algarcarnota.com\/wp-content\/uploads\/2022\/01\/logo-algar.png","width":143,"height":73,"caption":"Algar Carnota Suites"},"image":{"@id":"https:\/\/algarcarnota.com\/#\/schema\/logo\/image\/"},"sameAs":["https:\/\/www.facebook.com\/Algar.Carnotasuites\/","https:\/\/www.instagram.com\/algar_carnotasuites\/"]}]}},"_links":{"self":[{"href":"https:\/\/algarcarnota.com\/en\/wp-json\/wp\/v2\/pages\/593","targetHints":{"allow":["GET"]}}],"collection":[{"href":"https:\/\/algarcarnota.com\/en\/wp-json\/wp\/v2\/pages"}],"about":[{"href":"https:\/\/algarcarnota.com\/en\/wp-json\/wp\/v2\/types\/page"}],"author":[{"embeddable":true,"href":"https:\/\/algarcarnota.com\/en\/wp-json\/wp\/v2\/users\/1"}],"replies":[{"embeddable":true,"href":"https:\/\/algarcarnota.com\/en\/wp-json\/wp\/v2\/comments?post=593"}],"version-history":[{"count":12,"href":"https:\/\/algarcarnota.com\/en\/wp-json\/wp\/v2\/pages\/593\/revisions"}],"predecessor-version":[{"id":1574,"href":"https:\/\/algarcarnota.com\/en\/wp-json\/wp\/v2\/pages\/593\/revisions\/1574"}],"wp:attachment":[{"href":"https:\/\/algarcarnota.com\/en\/wp-json\/wp\/v2\/media?parent=593"}],"curies":[{"name":"wp","href":"https:\/\/api.w.org\/{rel}","templated":true}]}}